{"id":1311,"date":"2025-03-28T11:33:42","date_gmt":"2025-03-28T11:33:42","guid":{"rendered":"https:\/\/quirobalance.org\/beneficios-a-largo-plazo\/"},"modified":"2025-07-21T12:36:28","modified_gmt":"2025-07-21T12:36:28","slug":"merci-pour-votre-reservation","status":"publish","type":"page","link":"https:\/\/quirobalance.org\/fr\/merci-pour-votre-reservation\/","title":{"rendered":"Merci pour votre r\u00e9servation"},"content":{"rendered":"<section class=\"about_us_curvy1_9_1_2 background-1-light\" original-block-id=\"block_f933fb6560526f5766f55d06a3635a0c\" data-block-id=\"69df5198e7a0d69df5198e7a0e\" data-block-name=\"acf\/about-us-curvy1-9-1-2\" data-post-id=\"1311\" data-stable-id=\"block_f933fb6560526f5766f55d06a3635a0c\">\r\n    <div class=\"container\">\r\n        <div class=\"row\">\r\n            <div class=\"col col-imagen\">\r\n                                <div class=\"imagen\">\r\n                    <img decoding=\"async\" src=\"https:\/\/quirobalance.org\/wp-content\/uploads\/2025\/05\/quirobalance-168-scaled.jpg\" alt=\"\" title=\"quirobalance (168)\">\r\n                <\/div>\r\n                            <\/div>\r\n            <div class=\"col col-texto\">\r\n                <div class=\"right\">\r\n                                        <h2 class=\"tamano3 color-1-headings-dark\">Merci pour votre r\u00e9servation !<\/h2>\r\n                                                                                <div class=\"texto color-1-body-dark tamano7\" data-desactivar-leer-mas=\"0\">\r\n                        <span class=\"texto-corto\"><\/span>\r\n                        <span class=\"texto-completo\" style=\"display: none;\"><p>u003cp data-start=u0022243u0022 data-end=u0022439u0022u003eNous sommes ravis que vous ayez fait le premier pas vers une vie avec plus de bien-\u00eatre et d&rsquo;\u00e9quilibre. Votre premi\u00e8re visite est une occasion importante pour apprendre \u00e0 vous conna\u00eetre et commencer \u00e0 travailler ensemble sur votre sant\u00e9.u003c\/pu003ernu003cp data-start=u0022441u0022 data-end=u0022652u0022u003e\u00c0 votre arriv\u00e9e \u00e0 QuiroBalance, nous vous demanderons de remplir un formulaire pour mieux comprendre votre \u00e9tat actuel et votre historique de sant\u00e9. Ces informations sont essentielles pour vous offrir une attention personnalis\u00e9e et s\u00e9curis\u00e9e.u003c\/pu003ernu003cp data-start=u0022654u0022 data-end=u0022890u0022u003eEnsuite, nous r\u00e9aliserons une \u00e9valuation physique compl\u00e8te, qui comprendra des tests orthop\u00e9diques et neurologiques, ainsi qu&rsquo;une analyse de votre posture et de votre amplitude de mouvement. Tout cela nous aidera \u00e0 identifier avec pr\u00e9cision la racine du probl\u00e8me.u003c\/pu003ernu003cp data-start=u0022892u0022 data-end=u00221100u0022u003eEt le plus excitant : lors de cette premi\u00e8re visite, vous recevrez \u00e9galement votre premier ajustement chiropratique. C&rsquo;est le d\u00e9but de votre chemin vers une meilleure fonction corporelle, moins de g\u00eanes et une meilleure qualit\u00e9 de vie.u003c\/pu003ernu003cp data-start=u00221102u0022 data-end=u00221164u0022u003eNous sommes ici pour vous accompagner \u00e0 chaque \u00e9tape. \u00c0 bient\u00f4t !u003c\/pu003e<\/p><\/span>\r\n                    <\/div>\r\n                    <div class=\"vermas tamano7 boton-4-texto-normal\">\r\n                        <span class=\"mas tamano7 boton-4-texto-normal\">Lire plus<\/span>\r\n                        <span class=\"menos hide tamano7 boton-4-texto-normal\">Lire moins<\/span>\r\n                        <svg width=\"13\" height=\"8\" viewBox=\"0 0 13 8\" fill=\"none\"\r\n                            xmlns=\"http:\/\/www.w3.org\/2000\/svg\">\r\n                            <path id=\"Vector 14\" d=\"M1 1L6.5 6.5L12 1\" stroke=\"#2B275C\" stroke-width=\"1.5\" \/>\r\n                        <\/svg>\r\n                    <\/div>\r\n                                        \r\n                                    <\/div>\r\n            <\/div>\r\n        <\/div>\r\n    <\/div>\r\n<\/section>\r\n<style>\r\n    .about_us_curvy1_9_1_2 .row {\r\n        display: flex;\r\n        gap: 6%;\r\n        justify-content: flex-start;\r\n        align-items: center;\r\n\r\n    }\r\n\r\n    .about_us_curvy1_9_1_2[original-block-id=\"block_f933fb6560526f5766f55d06a3635a0c\"] .row {\r\n            }\r\n\r\n    .about_us_curvy1_9_1_2 .vermas svg path {\r\n        stroke: var(--boton-4-texto-normal);\r\n    }\r\n\r\n    .about_us_curvy1_9_1_2 .vermas span {\r\n        font-weight: var(--tamano5-font-weight);\r\n    }\r\n\r\n    .about_us_curvy1_9_1_2 .vermas .hide {\r\n        display: none;\r\n    }\r\n\r\n    .about_us_curvy1_9_1_2 .vermas.show svg {\r\n        transform: rotate(180deg);\r\n    }\r\n\r\n    .about_us_curvy1_9_1_2 .vermas.show {\r\n        padding-top: 20px;\r\n        margin-top: 15px;\r\n    }\r\n\r\n    .about_us_curvy1_9_1_2 .vermas {\r\n        display: flex;\r\n        align-items: center;\r\n        gap: 10px;\r\n        cursor: pointer;\r\n        margin: 20px 0 35px;\r\n    }\r\n\r\n    .about_us_curvy1_9_1_2 .right .btn-round {\r\n        margin-top: 30px;\r\n    }\r\n\r\n    .about_us_curvy1_9_1_2 .right .iconos .icono-item .texto {\r\n        padding-left: 30px;\r\n    }\r\n\r\n    .about_us_curvy1_9_1_2 .right .iconos .icono-item .top {\r\n        display: flex;\r\n        gap: 10px;\r\n        align-items: center;\r\n    }\r\n\r\n    .about_us_curvy1_9_1_2 .right .iconos .icono-item svg {\r\n        max-width: 20px;\r\n        fill: var(--color-1-body-dark);\r\n    }\r\n\r\n    .about_us_curvy1_9_1_2 .right .iconos {\r\n        margin-top: 30px;\r\n        padding-top: 30px;\r\n        border-top: 1px solid var(--background-2-light);\r\n        display: flex;\r\n        flex-direction: column;\r\n        gap: 25px;\r\n    }\r\n\r\n    .about_us_curvy1_9_1_2 .right .textogrande {\r\n        padding-bottom: 17px;\r\n    }\r\n\r\n    .about_us_curvy1_9_1_2 .right h2 {\r\n        padding-bottom: 23px;\r\n    }\r\n\r\n    .about_us_curvy1_9_1_2 .col-imagen .video {\r\n        width: 100%;\r\n        max-width: 741px;\r\n    }\r\n\r\n    .about_us_curvy1_9_1_2 .col-imagen iframe {\r\n        width: 100%;\r\n        height: 100%;\r\n        min-height: 560px;\r\n        border-radius: 30px;\r\n    }\r\n\r\n    .about_us_curvy1_9_1_2 .col-imagen img {\r\n        border-radius: 30px;\r\n        width: 100%;\r\n        max-width: 741px;\r\n        height: auto;\r\n        object-fit: cover;\r\n    }\r\n\r\n     .about_us_curvy1_9_1_2 .col-imagen {\r\n        width: 50%;\r\n    }\r\n\r\n    .about_us_curvy1_9_1_2 .col-imagen .imagen {\r\n        display: flex;\r\n        justify-content: flex-start;\r\n    }\r\n\r\n    .about_us_curvy1_9_1_2 .col-texto {\r\n        width: 45%;\r\n        display: flex;\r\n        justify-content: flex-end;\r\n    }\r\n\r\n    .about_us_curvy1_9_1_2 .btn-round {\r\n        border-radius: 60px;\r\n        padding: 12px 25px;\r\n        display: inline-block;\r\n        min-width: 175px;\r\n        text-align: center;\r\n        text-decoration: none;\r\n    }\r\n\r\n    .about_us_curvy1_9_1_2 .right {\r\n        max-width: 600px;\r\n\r\n    }\r\n\r\n    .about_us_curvy1_9_1_2 .right .texto *:last-child {\r\n        padding-bottom: 0;\r\n    }\r\n\r\n    \/* .about_us_curvy1_9_1_2 .right .texto.show p:not(:first-child) {\r\n        display: block;\r\n    }\r\n\r\n    .about_us_curvy1_9_1_2 .right .texto p:not(:first-child) {\r\n        display: none;\r\n    } *\/\r\n\r\n    .about_us_curvy1_9_1_2 .right .texto * {\r\n        padding-bottom: 20px;\r\n        font-size: inherit;\r\n        font-weight: inherit;\r\n        line-height: inherit;\r\n        letter-spacing: inherit;\r\n        font-family: inherit;\r\n    }\r\n\r\n    .about_us_curvy1_9_1_2 .texto ul,\r\n    .about_us_curvy1_9_1_2 .texto ol {\r\n        padding-left: 20px;\r\n    }\r\n\r\n    .about_us_curvy1_9_1_2 {\r\n        padding: 81px 0;\r\n        padding-left: 150px;\r\n        padding-right: 150px;\r\n        margin-top: -1px;\r\n    }\r\n\r\n    @media (max-width:1550px) {\r\n        .about_us_curvy1_9_1_2 {\r\n            padding-left: 0;\r\n            padding-right: 0;\r\n        }\r\n\r\n        .about_us_curvy1_9_1_2 .col-texto {\r\n            width: 41.66%;\r\n            justify-content: center;\r\n        }\r\n\r\n        .about_us_curvy1_9_1_2 .row {\r\n            gap: 50px;\r\n        }\r\n    }\r\n\r\n    @media (max-width:1300px) {\r\n        .about_us_curvy1_9_1_2 .col-texto {\r\n            width: 50%;\r\n        }\r\n    }\r\n\r\n    @media (max-width:1200px) {\r\n        .about_us_curvy1_9_1_2 .row {\r\n            flex-direction: column;\r\n            align-items: center;\r\n            gap: 30px;\r\n        }\r\n\r\n        .about_us_curvy1_9_1_2 .col-texto {\r\n            width: 100%;\r\n        }\r\n    }\r\n\r\n    @media (max-width:992px) {\r\n        .about_us_curvy1_9_1_2 .col-imagen {\r\n            width: 100%;\r\n        }\r\n\r\n        .about_us_curvy1_9_1_2 .col-imagen .video {\r\n            max-width: 100%;\r\n        }\r\n\r\n        .about_us_curvy1_9_1_2 .col-imagen iframe {\r\n            min-height: 475px;\r\n        }\r\n\r\n        .about_us_curvy1_9_1_2 .col-imagen .imagen {\r\n            justify-content: start;\r\n        }\r\n\r\n        .about_us_curvy1_9_1_2 {\r\n            padding: 40px 0;\r\n        }\r\n\r\n        .about_us_curvy1_9_1_2 .col-texto {\r\n            justify-content: flex-start;\r\n        }\r\n\r\n        .about_us_curvy1_9_1_2 .row {\r\n            align-items: self-start;\r\n        }\r\n    }\r\n\r\n    @media (max-width:768px) {\r\n        .about_us_curvy1_9_1_2 h2 {\r\n            line-height: var(--tamano5-line-height);\r\n        }\r\n\r\n        .about_us_curvy1_9_1_2[original-block-id=\"block_f933fb6560526f5766f55d06a3635a0c\"] .row {\r\n                    }\r\n\r\n        .about_us_curvy1_9_1_2 .right .iconos {\r\n            gap: 20px;\r\n            padding-top: 25px;\r\n            margin-top: 25px;\r\n        }\r\n\r\n        .about_us_curvy1_9_1_2 .col-imagen iframe {\r\n            min-height: 310px;\r\n        }\r\n    }\r\n<\/style>\r\n<script>\r\n    jQuery(document).ready(function($) {\r\n        const $instance = $('.about_us_curvy1_9_1_2[original-block-id=\"block_f933fb6560526f5766f55d06a3635a0c\"]');\r\n\r\n        if (!$instance.length) return;\r\n\r\n        const CONFIG_AU912 = {\r\n            limites: {\r\n                mobile: 200,\r\n                desktop: 400\r\n            },\r\n            breakpoint: 992\r\n        };\r\n\r\n        function truncarTextoEnUltimaPalabraAU912(texto, limite) {\r\n            if (texto.length <= limite) return texto;\r\n            const cortado = texto.substring(0, limite);\r\n            const ultimoEspacio = cortado.lastIndexOf(' ');\r\n            return (ultimoEspacio > limite * 0.8 ? cortado.substring(0, ultimoEspacio) : cortado) + '...';\r\n        }\r\n\r\n        function truncarHTMLAU912(html, limite) {\r\n            const $temp = $('<div>').html(html);\r\n            let chars = 0,\r\n                resultado = '';\r\n\r\n            function procesarNodoAU912(nodo) {\r\n                if (chars >= limite) return false;\r\n\r\n                if (nodo.nodeType === 3) {\r\n                    const texto = nodo.textContent || '';\r\n                    if (chars + texto.length <= limite) {\r\n                        resultado += texto;\r\n                        chars += texto.length;\r\n                    } else {\r\n                        resultado += truncarTextoEnUltimaPalabraAU912(texto, limite - chars);\r\n                        chars = limite;\r\n                        return false;\r\n                    }\r\n                } else if (nodo.nodeType === 1) {\r\n                    const $elem = $(nodo);\r\n                    const tag = nodo.tagName.toLowerCase();\r\n                    const textoElem = $elem.text();\r\n\r\n                    if (chars + textoElem.length <= limite) {\r\n                        resultado += $('<div>').append($elem.clone()).html();\r\n                        chars += textoElem.length;\r\n                    } else {\r\n                        const attrs = Array.from(nodo.attributes).map(a =>\r\n                            a.name + '=\"' + (a.value || '').replace(\/\"\/g, '&quot;') + '\"'\r\n                        ).join(' ');\r\n                        resultado += '<' + tag + (attrs ? ' ' + attrs : '') + '>';\r\n\r\n                        $elem.contents().each(function() {\r\n                            return procesarNodoAU912(this);\r\n                        });\r\n\r\n                        resultado += '<\/' + tag + '>';\r\n                        return false;\r\n                    }\r\n                }\r\n                return true;\r\n            }\r\n\r\n            $temp.contents().each(function() {\r\n                return procesarNodoAU912(this);\r\n            });\r\n\r\n            return resultado || truncarTextoEnUltimaPalabraAU912($temp.text(), limite);\r\n        }\r\n\r\n        function aplicarTruncadoAU912() {\r\n            $instance.find('.texto-completo').each(function() {\r\n                const $completo = $(this);\r\n                if ($completo.is(':visible')) return;\r\n\r\n                const $texto = $completo.closest('.texto');\r\n                const $corto = $completo.siblings('.texto-corto');\r\n                const $vermas = $texto.siblings('.vermas');\r\n\r\n                if (!$corto.length) return;\r\n\r\n                const html = $completo.html() || '';\r\n                const textoPlano = $completo.text() || '';\r\n                const esMobile = $(window).width() <= CONFIG_AU912.breakpoint;\r\n                const limite = esMobile ? CONFIG_AU912.limites.mobile : CONFIG_AU912.limites.desktop;\r\n                const desactivado = $texto.attr('data-desactivar-leer-mas') === '1';\r\n\r\n                if (desactivado) {\r\n                    if (!esMobile) {\r\n                        $corto.html(html).show();\r\n                        $vermas.hide();\r\n                        return;\r\n                    }\r\n                }\r\n\r\n                if (textoPlano.length > limite) {\r\n                    $corto.html(truncarHTMLAU912(html, limite)).show();\r\n                    $vermas.css('display', 'flex');\r\n                } else {\r\n                    $corto.html(html).show();\r\n                    $vermas.hide();\r\n                }\r\n            });\r\n        }\r\n\r\n        aplicarTruncadoAU912();\r\n        $(window).on('resize', aplicarTruncadoAU912);\r\n\r\n        $instance.on('click', '.vermas', function() {\r\n            const $btn = $(this);\r\n            const $texto = $btn.siblings('.texto');\r\n            const $corto = $texto.find('.texto-corto');\r\n            const $completo = $texto.find('.texto-completo');\r\n\r\n            if ($corto.is(':visible')) {\r\n                $corto.hide();\r\n                $completo.show();\r\n                $btn.addClass('show');\r\n            } else {\r\n                $completo.hide();\r\n                aplicarTruncadoAU912();\r\n                $btn.removeClass('show');\r\n            }\r\n\r\n            $btn.find('span').toggleClass('hide');\r\n        });\r\n    });\r\n<\/script>\r\n","protected":false},"excerpt":{"rendered":"","protected":false},"author":2,"featured_media":0,"parent":0,"menu_order":2,"comment_status":"open","ping_status":"closed","template":"","meta":{"_acf_changed":false,"iawp_total_views":0,"footnotes":""},"class_list":["post-1311","page","type-page","status-publish","hentry"],"acf":[],"yoast_head":"<!-- This site is optimized with the Yoast SEO plugin v27.4 - https:\/\/yoast.com\/product\/yoast-seo-wordpress\/ -->\n<title>Merci pour votre r\u00e9servation - QuiroBalance<\/title>\n<meta name=\"robots\" content=\"index, follow, max-snippet:-1, max-image-preview:large, max-video-preview:-1\" \/>\n<link rel=\"canonical\" href=\"https:\/\/quirobalance.org\/fr\/merci-pour-votre-reservation\/\" \/>\n<meta property=\"og:locale\" content=\"fr_FR\" \/>\n<meta property=\"og:type\" content=\"article\" \/>\n<meta property=\"og:title\" content=\"Merci pour votre r\u00e9servation - QuiroBalance\" \/>\n<meta property=\"og:url\" content=\"https:\/\/quirobalance.org\/fr\/merci-pour-votre-reservation\/\" \/>\n<meta property=\"og:site_name\" content=\"QuiroBalance\" \/>\n<meta property=\"article:modified_time\" content=\"2025-07-21T12:36:28+00:00\" \/>\n<meta name=\"twitter:card\" content=\"summary_large_image\" \/>\n<!-- \/ Yoast SEO plugin. -->","yoast_head_json":{"title":"Merci pour votre r\u00e9servation - QuiroBalance","robots":{"index":"index","follow":"follow","max-snippet":"max-snippet:-1","max-image-preview":"max-image-preview:large","max-video-preview":"max-video-preview:-1"},"canonical":"https:\/\/quirobalance.org\/fr\/merci-pour-votre-reservation\/","og_locale":"fr_FR","og_type":"article","og_title":"Merci pour votre r\u00e9servation - QuiroBalance","og_url":"https:\/\/quirobalance.org\/fr\/merci-pour-votre-reservation\/","og_site_name":"QuiroBalance","article_modified_time":"2025-07-21T12:36:28+00:00","twitter_card":"summary_large_image","schema":{"@context":"https:\/\/schema.org","@graph":[{"@type":"WebPage","@id":"https:\/\/quirobalance.org\/fr\/merci-pour-votre-reservation\/","url":"https:\/\/quirobalance.org\/fr\/merci-pour-votre-reservation\/","name":"Merci pour votre r\u00e9servation - QuiroBalance","isPartOf":{"@id":"https:\/\/quirobalance.org\/fr\/#website"},"datePublished":"2025-03-28T11:33:42+00:00","dateModified":"2025-07-21T12:36:28+00:00","breadcrumb":{"@id":"https:\/\/quirobalance.org\/fr\/merci-pour-votre-reservation\/#breadcrumb"},"inLanguage":"fr-FR","potentialAction":[{"@type":"ReadAction","target":["https:\/\/quirobalance.org\/fr\/merci-pour-votre-reservation\/"]}]},{"@type":"BreadcrumbList","@id":"https:\/\/quirobalance.org\/fr\/merci-pour-votre-reservation\/#breadcrumb","itemListElement":[{"@type":"ListItem","position":1,"name":"Portada","item":"https:\/\/quirobalance.org\/fr\/"},{"@type":"ListItem","position":2,"name":"Merci pour votre r\u00e9servation"}]},{"@type":"WebSite","@id":"https:\/\/quirobalance.org\/fr\/#website","url":"https:\/\/quirobalance.org\/fr\/","name":"QuiroBalance","description":"","publisher":{"@id":"https:\/\/quirobalance.org\/fr\/#organization"},"potentialAction":[{"@type":"SearchAction","target":{"@type":"EntryPoint","urlTemplate":"https:\/\/quirobalance.org\/fr\/?s={search_term_string}"},"query-input":{"@type":"PropertyValueSpecification","valueRequired":true,"valueName":"search_term_string"}}],"inLanguage":"fr-FR"},{"@type":"Organization","@id":"https:\/\/quirobalance.org\/fr\/#organization","name":"QuiroBalance","url":"https:\/\/quirobalance.org\/fr\/","logo":{"@type":"ImageObject","inLanguage":"fr-FR","@id":"https:\/\/quirobalance.org\/fr\/#\/schema\/logo\/image\/","url":"https:\/\/quirobalance.org\/wp-content\/uploads\/2025\/02\/67acfdd74e7ce_Logofinal-sin-fondo-e1740054368996.png","contentUrl":"https:\/\/quirobalance.org\/wp-content\/uploads\/2025\/02\/67acfdd74e7ce_Logofinal-sin-fondo-e1740054368996.png","width":716,"height":663,"caption":"QuiroBalance "},"image":{"@id":"https:\/\/quirobalance.org\/fr\/#\/schema\/logo\/image\/"}}]}},"_links":{"self":[{"href":"https:\/\/quirobalance.org\/fr\/wp-json\/wp\/v2\/pages\/1311","targetHints":{"allow":["GET"]}}],"collection":[{"href":"https:\/\/quirobalance.org\/fr\/wp-json\/wp\/v2\/pages"}],"about":[{"href":"https:\/\/quirobalance.org\/fr\/wp-json\/wp\/v2\/types\/page"}],"author":[{"embeddable":true,"href":"https:\/\/quirobalance.org\/fr\/wp-json\/wp\/v2\/users\/2"}],"replies":[{"embeddable":true,"href":"https:\/\/quirobalance.org\/fr\/wp-json\/wp\/v2\/comments?post=1311"}],"version-history":[{"count":12,"href":"https:\/\/quirobalance.org\/fr\/wp-json\/wp\/v2\/pages\/1311\/revisions"}],"predecessor-version":[{"id":2637,"href":"https:\/\/quirobalance.org\/fr\/wp-json\/wp\/v2\/pages\/1311\/revisions\/2637"}],"wp:attachment":[{"href":"https:\/\/quirobalance.org\/fr\/wp-json\/wp\/v2\/media?parent=1311"}],"curies":[{"name":"wp","href":"https:\/\/api.w.org\/{rel}","templated":true}]}}