{"id":387,"date":"2025-02-13T22:57:52","date_gmt":"2025-02-13T22:57:52","guid":{"rendered":"https:\/\/quirobalance.org\/aviso-legal\/"},"modified":"2025-07-21T12:37:47","modified_gmt":"2025-07-21T12:37:47","slug":"mentions-legales","status":"publish","type":"page","link":"https:\/\/quirobalance.org\/fr\/mentions-legales\/","title":{"rendered":"Mentions l\u00e9gales"},"content":{"rendered":"<section class=\"text_content_text_1_1 background-1-light\" data-block-id=\"69f3bfc3ef01069f3bfc3ef011\" data-block-name=\"acf\/textcontent-1-1\" data-post-id=\"387\" data-stable-id=\"block_fc6e1190a5672cbb6e2be25d25c823e0\">\r\n    <div class=\"container\">\r\n        <div class=\"row\">\r\n            <div class=\"col\">\r\n                <div class=\"content-theme\">\r\n                                        <div class=\"texto color-1-headings-dark tamano7\">\r\n                        <h2 style='text-align: center'>MENTIONS L\u00c9GALES ET CONDITIONS G\u00c9N\u00c9RALES D&rsquo;UTILISATION <br \/>\n https:\/\/quirobalance.org\/fr\/<\/h2>\n<p> &nbsp;<\/p>\n<h3>I. INFORMATIONS G\u00c9N\u00c9RALES<\/h3>\n<p>Conform\u00e9ment \u00e0 l&rsquo;obligation d&rsquo;information pr\u00e9vue par la loi 34\/2002 sur les Services de la Soci\u00e9t\u00e9 de l&rsquo;Information et le Commerce \u00c9lectronique (LSSI-CE) du 11 juillet, les informations g\u00e9n\u00e9rales suivantes concernant ce site web sont fournies :<\/p>\n<p>La propri\u00e9t\u00e9 de ce site web, https:\/\/quirobalance.org\/fr\/ (ci-apr\u00e8s, Site Web) est d\u00e9tenue par : Marion , avec NIF : Z0364718N, et dont les coordonn\u00e9es de contact sont :<\/p>\n<p>Adresse : Calle dibujante Manuel Gago 1, 46018 Valencia <\/p>\n<p>T\u00e9l\u00e9phone de contact : 689962058<\/p>\n<p>Email de contact : <\/p>\n<p> &nbsp;<\/p>\n<h3>II. CONDITIONS G\u00c9N\u00c9RALES D&rsquo;UTILISATION<\/h3>\n<h4>L&rsquo;objet des conditions : Le Site Web<\/h4>\n<p>L&rsquo;objet des pr\u00e9sentes Conditions G\u00e9n\u00e9rales d&rsquo;Utilisation (ci-apr\u00e8s, Conditions) est de r\u00e9guler l&rsquo;acc\u00e8s et l&rsquo;utilisation du Site Web. Aux fins des pr\u00e9sentes Conditions, l\u2019on entend par Site Web : l&rsquo;apparence ext\u00e9rieure des interfaces d&rsquo;\u00e9cran, tant de mani\u00e8re statique que dynamique, c\u2019est-\u00e0-dire, l&rsquo;arborescence de navigation ; ainsi que tous les \u00e9l\u00e9ments int\u00e9gr\u00e9s \u00e0 la fois dans les interfaces d&rsquo;\u00e9cran et dans l&rsquo;arborescence de navigation (ci-apr\u00e8s, Contenus) et tous les services ou ressources en ligne qu\u2019il offre le cas \u00e9ch\u00e9ant aux utilisateurs (ci-apr\u00e8s, Services).<\/p>\n<p>Blog de Marion se r\u00e9serve le droit de modifier, \u00e0 tout moment, et sans pr\u00e9avis, la pr\u00e9sentation et la configuration du Site Web et du Contenu et des Services qui peuvent y \u00eatre int\u00e9gr\u00e9s. L\u2019Utilisateur reconna\u00eet et accepte qu&rsquo;\u00e0 tout moment Blog de Marion puisse interrompre, d\u00e9sactiver et\/ou annuler l&rsquo;un de ces \u00e9l\u00e9ments int\u00e9gr\u00e9s au Site Web ou l&rsquo;acc\u00e8s \u00e0 ceux-ci.<\/p>\n<p>L&rsquo;acc\u00e8s au Site Web par l\u2019Utilisateur est gratuit et, en r\u00e8gle g\u00e9n\u00e9rale, gratuit sans que l&rsquo;Utilisateur doive fournir de contrepartie pour pouvoir en profiter, sauf en ce qui concerne le co\u00fbt de connexion via le r\u00e9seau de t\u00e9l\u00e9communications fourni par le fournisseur d&rsquo;acc\u00e8s que l&rsquo;Utilisateur a contract\u00e9.<br \/>\n L&rsquo;utilisation de l&rsquo;un des Contenus ou Services du Site Web peut \u00eatre effectu\u00e9e par abonnement ou enregistrement pr\u00e9alable de l&rsquo;Utilisateur.<\/p>\n<h4>L&rsquo;Utilisateur<\/h4>\n<p>\n L&rsquo;acc\u00e8s, la navigation et l&rsquo;utilisation du Site Web, ainsi que des espaces cr\u00e9\u00e9s pour interagir entre les utilisateurs, et l&rsquo;utilisateur et Blog de Marion, tels que les commentaires et\/ou les espaces de blogging, conf\u00e8re la condition d&rsquo;utilisateur, ce qui implique l\u2019acceptation, d\u00e8s le d\u00e9but de la navigation sur le Site Web, de toutes les Conditions \u00e9tablies ici, ainsi que leurs modifications ult\u00e9rieures, sans pr\u00e9judice de l&rsquo;application de la r\u00e9glementation l\u00e9gale applicable selon le cas. Compte tenu de l&rsquo;importance de ce qui pr\u00e9c\u00e8de, il est recommand\u00e9 \u00e0 l&rsquo;utilisateur de lire chaque fois qu&rsquo;il visite le Site Web.\n <\/p>\n<p>\n Le Site Web de Blog de Marion fournit une grande diversit\u00e9 d&rsquo;informations, de services et de donn\u00e9es. L&rsquo;Utilisateur assume la responsabilit\u00e9 de faire un usage correct du Site Web. Cette responsabilit\u00e9 s\u2019\u00e9tendra \u00e0 :\n <\/p>\n<ul>\n<li>Une utilisation de l&rsquo;information, des Contenus et\/ou Services et des donn\u00e9es offerts par Blog de Marion sans qu&rsquo;elle soit contraire aux pr\u00e9sentes Conditions, \u00e0 la Loi, \u00e0 la morale ou \u00e0 l&rsquo;ordre public, ou qui de quelque mani\u00e8re que ce soit puisse porter atteinte aux droits des tiers ou au fonctionnement m\u00eame du Site Web.<\/li>\n<li>La v\u00e9racit\u00e9 et la l\u00e9galit\u00e9 des informations fournies par l&rsquo;Utilisateur dans les formulaires \u00e9tendus par Blog de Marion pour l&rsquo;acc\u00e8s \u00e0 certains Contenus ou Services offerts par le Site Web. En tout \u00e9tat de cause, l&rsquo;Utilisateur informera imm\u00e9diatement Blog de Marion de tout fait permettant une utilisation abusive des informations enregistr\u00e9es dans ces formulaires, tels que, mais pas seulement, le vol, la perte, ou l&rsquo;acc\u00e8s non autoris\u00e9 \u00e0 des identifiants et\/ou mots de passe, afin de proc\u00e9der \u00e0 leur annulation imm\u00e9diate.<\/li>\n<\/ul>\n<p>\n Blog de Marion se r\u00e9serve le droit de retirer tous les commentaires et contributions qui enfreignent la loi, le respect de la dignit\u00e9 de la personne, qui sont discriminatoires, x\u00e9nophobes, racistes, pornographiques, spam, qui portent atteinte \u00e0 la jeunesse ou \u00e0 l&rsquo;enfance, \u00e0 l&rsquo;ordre ou \u00e0 la s\u00e9curit\u00e9 publique ou qui, \u00e0 son avis, ne seraient pas adapt\u00e9s \u00e0 leur publication.\n <\/p>\n<p>\n En tout \u00e9tat de cause, Blog de Marion ne sera pas responsable des opinions \u00e9mises par les utilisateurs \u00e0 travers des commentaires ou d&rsquo;autres outils de blogging ou de participation qui peuvent exister.\n <\/p>\n<p>\n Le simple acc\u00e8s \u00e0 ce Site Web n&rsquo;implique pas l&rsquo;\u00e9tablissement d&rsquo;une relation de nature commerciale entre Blog de Marion et l\u2019Utilisateur.\n <\/p>\n<p>\n L&rsquo;utilisateur d\u00e9clare \u00eatre majeur et avoir la capacit\u00e9 juridique suffisante pour se conformer \u00e0 ces Conditions. Par cons\u00e9quent, ce Site Web de Blog de Marion ne s&rsquo;adresse pas aux mineurs. Blog de Marion d\u00e9cline toute responsabilit\u00e9 pour le non-respect de cette exigence.\n <\/p>\n<p> &nbsp;<\/p>\n<h3>III. ACC\u00c8S ET NAVIGATION SUR LE SITE WEB :<\/h3>\n<h4>EXCLUSION DE GARANTIES ET DE RESPONSABILIT\u00c9<\/h4>\n<p>\n Blog de Marion ne garantit pas la continuit\u00e9, la disponibilit\u00e9 et l&rsquo;utilit\u00e9 du Site Web, ni des Contenus ou Services. Blog de Marion fera tout son possible pour le bon fonctionnement du Site Web, cependant, il ne s&rsquo;engage ni ne garantit que l&rsquo;acc\u00e8s \u00e0 ce Site Web ne sera pas ininterrompu ou exempt d&rsquo;erreur.\n <\/p>\n<p>\n Il ne garantit pas non plus que le contenu ou le logiciel auquel il peut \u00eatre acc\u00e9d\u00e9 via ce Site Web soit exempt d&rsquo;erreur ou cause des dommages au syst\u00e8me informatique (logiciel et mat\u00e9riel) de l&rsquo;utilisateur. En aucun cas, Blog de Marion ne sera responsable des pertes, dommages ou pr\u00e9judices de toute nature d\u00e9coulant de l&rsquo;acc\u00e8s, de la navigation et de l&rsquo;utilisation du Site Web, y compris, mais non limit\u00e9 \u00e0, ceux caus\u00e9s aux syst\u00e8mes informatiques ou provoqu\u00e9s par l&rsquo;introduction de virus.\n <\/p>\n<p>\n Blog de Marion ne sera pas non plus responsable des dommages qui pourraient \u00eatre caus\u00e9s aux utilisateurs par une utilisation inad\u00e9quate de ce Site Web. En particulier, il ne sera en aucun cas responsable des pannes, interruptions, absence ou d\u00e9faut des t\u00e9l\u00e9communications qui pourraient survenir.\n <\/p>\n<p> &nbsp;<\/p>\n<h3>IV. POLITIQUE DE LIENS<\/h3>\n<p>\n Il est inform\u00e9 que le Site Web de Blog de Marion met ou peut mettre \u00e0 disposition des utilisateurs des moyens de lien (comme, entre autres, des liens, banni\u00e8res, boutons), des r\u00e9pertoires et des moteurs de recherche qui permettent aux utilisateurs d&rsquo;acc\u00e9der \u00e0 des sites web appartenant et\/ou g\u00e9r\u00e9s par des tiers.\n <\/p>\n<p>\n L\u2019installation de ces liens, r\u00e9pertoires et moteurs de recherche sur le Site Web a pour objet de faciliter la recherche et l&rsquo;acc\u00e8s \u00e0 l&rsquo;information disponible sur Internet, sans que cela puisse \u00eatre consid\u00e9r\u00e9 comme une suggestion, une recommandation ou une invitation \u00e0 les visiter.\n <\/p>\n<p>\n Blog de Marion n&rsquo;offre ni ne commercialise pour lui-m\u00eame ni pour le compte de tiers les produits et\/ou services disponibles sur ces sites li\u00e9s.<\/p>\n<p>\n Il ne garantit pas non plus la disponibilit\u00e9 technique, l&rsquo;exactitude, la v\u00e9rit\u00e9, la validit\u00e9 ou la l\u00e9galit\u00e9 des sites \u00e9trangers \u00e0 sa propri\u00e9t\u00e9 auxquels il est possible d&rsquo;acc\u00e9der par le biais des liens.<\/p>\n<p>\n Blog de Marion ne v\u00e9rifiera ou ne contr\u00f4lera en aucun cas le contenu d&rsquo;autres sites web, ni n&rsquo;approuve, examine ni ne fait siens les produits et services, contenus, fichiers et tout autre mat\u00e9riel existant sur lesdits sites li\u00e9s.<\/p>\n<p>\n Blog de Marion n&rsquo;assume aucune responsabilit\u00e9 pour les dommages et pr\u00e9judices pouvant \u00eatre caus\u00e9s par l&rsquo;acc\u00e8s, l&rsquo;utilisation, la qualit\u00e9 ou la l\u00e9galit\u00e9 des contenus, communications, opinions, produits et services des sites web non g\u00e9r\u00e9s par Blog de Marion et qui sont li\u00e9s dans ce Site Web.<\/p>\n<p>\n L&rsquo;utilisateur ou le tiers qui effectue un hyperlien \u00e0 partir d&rsquo;une page web d&rsquo;un autre, diff\u00e9rent, site web au Site Web de Blog de Marion doit savoir que :<\/p>\n<p>\n La reproduction &#8211; totale ou partielle &#8211; d&rsquo;aucun des Contenus et\/ou Services du Site Web sans autorisation expresse de Blog de Marion n&rsquo;est pas autoris\u00e9e.<\/p>\n<p>\n Aucune d\u00e9claration fausse, inexacte ou incorrecte sur le Site Web de Blog de Marion, ni sur les Contenus et\/ou Services du m\u00eame ne sont autoris\u00e9es.\n <\/p>\n<p>\n \u00c0 l&rsquo;exception de l&rsquo;hyperlien, le site web o\u00f9 se trouve cet hyperlien ne contiendra aucun \u00e9l\u00e9ment de ce Site Web, prot\u00e9g\u00e9 en tant que propri\u00e9t\u00e9 intellectuelle par la l\u00e9gislation espagnole, sauf autorisation expresse de Blog de Marion.<\/p>\n<p>\n L&rsquo;\u00e9tablissement de l&rsquo;hyperlien n&rsquo;impliquera pas l&rsquo;existence de relations entre Blog de Marion et le propri\u00e9taire du site web \u00e0 partir duquel cela est r\u00e9alis\u00e9, ni la connaissance et l&rsquo;acceptation de Blog de Marion des contenus, services et\/ou activit\u00e9s offerts sur ledit site web, et vice versa.<\/p>\n<p> &nbsp;<\/p>\n<h3>V. PROPRI\u00c9T\u00c9 INTELLECTUELLE ET INDUSTRIELLE<\/h3>\n<p>\n Blog de Marion, par lui-m\u00eame ou en tant que cessionnaire, est titulaire de tous les droits de propri\u00e9t\u00e9 intellectuelle et industrielle du Site Web, ainsi que des \u00e9l\u00e9ments contenus dans celui-ci (\u00e0 titre \u00e9nonciatif et non limitatif, images, son, audio, vid\u00e9o, logiciels ou textes, marques ou logos, combinaisons de couleurs, structure et design, s\u00e9lection de mat\u00e9riaux utilis\u00e9s, programmes informatiques n\u00e9cessaires \u00e0 son fonctionnement, acc\u00e8s et utilisation, etc.). Ils seront, par cons\u00e9quent, prot\u00e9g\u00e9s en tant que propri\u00e9t\u00e9 intellectuelle par la l\u00e9gislation espagnole, tant la l\u00e9gislation espagnole que communautaire dans ce domaine, ainsi que les trait\u00e9s internationaux relatifs \u00e0 la mati\u00e8re et sign\u00e9s par l&rsquo;Espagne.<\/p>\n<p>\n Tous droits r\u00e9serv\u00e9s. En vertu des dispositions de la Loi sur la Propri\u00e9t\u00e9 Intellectuelle, sont express\u00e9ment interdites la reproduction, la distribution et la communication publique, y compris leur modalit\u00e9 de mise \u00e0 disposition, de tout ou partie des contenus de cette page web, \u00e0 des fins commerciales, sur tout support et par tout moyen technique, sans l&rsquo;autorisation de Blog de Marion.<\/p>\n<p>\n L&rsquo;Utilisateur s&rsquo;engage \u00e0 respecter les droits de propri\u00e9t\u00e9 intellectuelle et industrielle de Blog de Marion. Il pourra visualiser les \u00e9l\u00e9ments du Site Web ou m\u00eame les imprimer, les copier et les stocker sur le disque dur de son ordinateur ou sur tout autre support physique \u00e0 condition que ce soit, exclusivement, pour son usage personnel. L&rsquo;utilisateur ne pourra toutefois pas supprimer, alt\u00e9rer ou manipuler tout dispositif de protection ou syst\u00e8me de s\u00e9curit\u00e9 qui serait install\u00e9 sur le Site Web.<\/p>\n<p>\n Dans le cas o\u00f9 l&rsquo;utilisateur ou un tiers consid\u00e8re que l&rsquo;un des Contenus du Site Web constitue une violation des droits de protection de la propri\u00e9t\u00e9 intellectuelle, il devra le notifier imm\u00e9diatement \u00e0 Blog de Marion via les coordonn\u00e9es de la section INFORMATIONS G\u00c9N\u00c9RALES de cet Avis L\u00e9gal et Conditions G\u00e9n\u00e9rales d&rsquo;Utilisation.\n <\/p>\n<p> &nbsp;<\/p>\n<h3>VI. ACTIONS EN JUSTICE, L\u00c9GISLATION APPLICABLE ET JURIDICTION<\/h3>\n<p>\n Blog de Marion se r\u00e9serve le droit de promouvoir des actions civiles ou p\u00e9nales qu&rsquo;il juge n\u00e9cessaires pour l&rsquo;utilisation abusive du Site Web et des Contenus, ou pour la violation des pr\u00e9sentes Conditions.<\/p>\n<p>\n La relation entre l\u2019Utilisateur et Blog de Marion sera r\u00e9gie par la r\u00e9glementation en vigueur et applicable sur le territoire espagnol. En cas de conflit relatif \u00e0 l&rsquo;interpr\u00e9tation et\/ou l&rsquo;application de ces Conditions, les parties soumettront leurs diff\u00e9rends \u00e0 la juridiction ordinaire en se soumettant aux juges et tribunaux correspondants conform\u00e9ment \u00e0 la loi.<\/p>\n<p>\n Ce document de Mentions L\u00e9gales et Conditions G\u00e9n\u00e9rales d&rsquo;utilisation du site web a \u00e9t\u00e9 cr\u00e9\u00e9 \u00e0 l&rsquo;aide du g\u00e9n\u00e9rateur de mod\u00e8le de mentions l\u00e9gales et conditions d&rsquo;utilisation en ligne le 18\/02\/2024.\n <\/p>\n                    <\/div>\r\n                                    <\/div>\r\n            <\/div>\r\n        <\/div>\r\n    <\/div>\r\n<\/section>\r\n<style>\r\n    .text_content_text_1_1 h1 {\r\n        padding-bottom: 60px;\r\n        font-size: var(--tamano1-font-size);\r\n        font-weight: var(--tamano1-font-weight);\r\n        line-height: var(--tamano1-line-height);\r\n        letter-spacing: var(--tamano1-letter-spacing);\r\n        font-family: var(--tamano1-font-family);\r\n        color: var(--color-2-headings-dark);\r\n    }\r\n\r\n    .text_content_text_1_1 h2 {\r\n        padding-bottom: 60px;\r\n        font-size: var(--tamano2-font-size);\r\n        font-weight: var(--tamano2-font-weight);\r\n        line-height: var(--tamano2-line-height);\r\n        letter-spacing: var(--tamano2-letter-spacing);\r\n        font-family: var(--tamano2-font-family);\r\n        color: var(--color-2-headings-dark);\r\n    }\r\n\r\n    .text_content_text_1_1 h3 {\r\n        padding-bottom: 60px;\r\n        font-size: var(--tamano3-font-size);\r\n        font-weight: var(--tamano3-font-weight);\r\n        line-height: var(--tamano3-line-height);\r\n        letter-spacing: var(--tamano3-letter-spacing);\r\n        font-family: var(--tamano3-font-family);\r\n        color: var(--color-2-headings-dark);\r\n    }\r\n\r\n    .text_content_text_1_1 h4 {\r\n        padding-bottom: 60px;\r\n        font-size: var(--tamano4-font-size);\r\n        font-weight: var(--tamano4-font-weight);\r\n        line-height: var(--tamano4-line-height);\r\n        letter-spacing: var(--tamano4-letter-spacing);\r\n        font-family: var(--tamano4-font-family);\r\n        color: var(--color-2-headings-dark);\r\n    }\r\n\r\n    .text_content_text_1_1 ul,\r\n    .text_content_text_1_1 ol {\r\n        padding-left: 20px;\r\n    }\r\n\r\n    .text_content_text_1_1 .row .col {\r\n        padding-top: 75px;\r\n        width: 100%;\r\n    }\r\n\r\n\r\n    .text_content_text_1_1 .texto {\r\n        margin-bottom: 50px;\r\n    }\r\n\r\n    .text_content_text_1_1 .texto * {\r\n        padding-bottom: 20px;\r\n    }\r\n\r\n\r\n    .text_content_text_1_1 .row {\r\n        display: flex;\r\n        gap: 0px;\r\n    }\r\n\r\n    .text_content_text_1_1 {\r\n        position: relative;\r\n        background-position: center;\r\n        background-repeat: no-repeat;\r\n        background-size: cover;\r\n        padding: 81px 150px;\r\n        margin-top: -1px;\r\n    }\r\n\r\n    @media (max-width:1750px) {\r\n        .text_content_text_1_1 .row {\r\n            gap: 100px;\r\n        }\r\n    }\r\n\r\n    @media (max-width:1550px) {\r\n        .text_content_text_1_1 {\r\n            padding-left: 50px;\r\n            padding-right: 50px;\r\n        }\r\n    }\r\n\r\n    @media (max-width:1350px) {\r\n        .text_content_text_1_1 .row {\r\n            gap: 30px;\r\n        }\r\n    }\r\n\r\n    @media (max-width:1200px) {\r\n        .text_content_text_1_1 {\r\n            padding-left: 0;\r\n            padding-right: 0;\r\n        }\r\n    }\r\n\r\n    @media (max-width:992px) {\r\n        .text_content_text_1_1 .row .col-left {\r\n            padding-top: 0;\r\n            max-width: 100%;\r\n        }\r\n\r\n        .text_content_text_1_1 .texto {\r\n            margin-bottom: 35px;\r\n        }\r\n\r\n        .text_content_text_1_1 h2 {\r\n            padding-bottom: 40px;\r\n        }\r\n\r\n        .text_content_text_1_1 {\r\n            padding: 40px 0;\r\n        }\r\n\r\n        .text_content_text_1_1 h1 {\r\n            font-size: var(--tamano1-font-size-mobile);\r\n        }\r\n\r\n        .text_content_text_1_1 h2 {\r\n            font-size: var(--tamano2-font-size-mobile);\r\n        }\r\n\r\n        .text_content_text_1_1 h3 {\r\n            font-size: var(--tamano3-font-size-mobile);\r\n        }\r\n\r\n        .text_content_text_1_1 h4 {\r\n            font-size: var(--tamano4-font-size-mobile);\r\n        }\r\n    }\r\n<\/style>\r\n","protected":false},"excerpt":{"rendered":"","protected":false},"author":1,"featured_media":0,"parent":0,"menu_order":3,"comment_status":"open","ping_status":"closed","template":"","meta":{"_acf_changed":false,"iawp_total_views":1,"footnotes":""},"class_list":["post-387","page","type-page","status-publish","hentry"],"acf":[],"yoast_head":"<!-- This site is optimized with the Yoast SEO plugin v27.5 - https:\/\/yoast.com\/product\/yoast-seo-wordpress\/ -->\n<title>Mentions l\u00e9gales - QuiroBalance<\/title>\n<meta name=\"robots\" content=\"index, follow, max-snippet:-1, max-image-preview:large, max-video-preview:-1\" \/>\n<link rel=\"canonical\" href=\"https:\/\/quirobalance.org\/fr\/mentions-legales\/\" \/>\n<meta property=\"og:locale\" content=\"fr_FR\" \/>\n<meta property=\"og:type\" content=\"article\" \/>\n<meta property=\"og:title\" content=\"Mentions l\u00e9gales - QuiroBalance\" \/>\n<meta property=\"og:url\" content=\"https:\/\/quirobalance.org\/fr\/mentions-legales\/\" \/>\n<meta property=\"og:site_name\" content=\"QuiroBalance\" \/>\n<meta property=\"article:modified_time\" content=\"2025-07-21T12:37:47+00:00\" \/>\n<meta name=\"twitter:card\" content=\"summary_large_image\" \/>\n<!-- \/ Yoast SEO plugin. -->","yoast_head_json":{"title":"Mentions l\u00e9gales - QuiroBalance","robots":{"index":"index","follow":"follow","max-snippet":"max-snippet:-1","max-image-preview":"max-image-preview:large","max-video-preview":"max-video-preview:-1"},"canonical":"https:\/\/quirobalance.org\/fr\/mentions-legales\/","og_locale":"fr_FR","og_type":"article","og_title":"Mentions l\u00e9gales - QuiroBalance","og_url":"https:\/\/quirobalance.org\/fr\/mentions-legales\/","og_site_name":"QuiroBalance","article_modified_time":"2025-07-21T12:37:47+00:00","twitter_card":"summary_large_image","schema":{"@context":"https:\/\/schema.org","@graph":[{"@type":"WebPage","@id":"https:\/\/quirobalance.org\/fr\/mentions-legales\/","url":"https:\/\/quirobalance.org\/fr\/mentions-legales\/","name":"Mentions l\u00e9gales - QuiroBalance","isPartOf":{"@id":"https:\/\/quirobalance.org\/fr\/#website"},"datePublished":"2025-02-13T22:57:52+00:00","dateModified":"2025-07-21T12:37:47+00:00","breadcrumb":{"@id":"https:\/\/quirobalance.org\/fr\/mentions-legales\/#breadcrumb"},"inLanguage":"fr-FR","potentialAction":[{"@type":"ReadAction","target":["https:\/\/quirobalance.org\/fr\/mentions-legales\/"]}]},{"@type":"BreadcrumbList","@id":"https:\/\/quirobalance.org\/fr\/mentions-legales\/#breadcrumb","itemListElement":[{"@type":"ListItem","position":1,"name":"Portada","item":"https:\/\/quirobalance.org\/fr\/"},{"@type":"ListItem","position":2,"name":"Mentions l\u00e9gales"}]},{"@type":"WebSite","@id":"https:\/\/quirobalance.org\/fr\/#website","url":"https:\/\/quirobalance.org\/fr\/","name":"QuiroBalance","description":"","publisher":{"@id":"https:\/\/quirobalance.org\/fr\/#organization"},"potentialAction":[{"@type":"SearchAction","target":{"@type":"EntryPoint","urlTemplate":"https:\/\/quirobalance.org\/fr\/?s={search_term_string}"},"query-input":{"@type":"PropertyValueSpecification","valueRequired":true,"valueName":"search_term_string"}}],"inLanguage":"fr-FR"},{"@type":"Organization","@id":"https:\/\/quirobalance.org\/fr\/#organization","name":"QuiroBalance","url":"https:\/\/quirobalance.org\/fr\/","logo":{"@type":"ImageObject","inLanguage":"fr-FR","@id":"https:\/\/quirobalance.org\/fr\/#\/schema\/logo\/image\/","url":"https:\/\/quirobalance.org\/wp-content\/uploads\/2025\/02\/67acfdd74e7ce_Logofinal-sin-fondo-e1740054368996.png","contentUrl":"https:\/\/quirobalance.org\/wp-content\/uploads\/2025\/02\/67acfdd74e7ce_Logofinal-sin-fondo-e1740054368996.png","width":716,"height":663,"caption":"QuiroBalance "},"image":{"@id":"https:\/\/quirobalance.org\/fr\/#\/schema\/logo\/image\/"}}]}},"_links":{"self":[{"href":"https:\/\/quirobalance.org\/fr\/wp-json\/wp\/v2\/pages\/387","targetHints":{"allow":["GET"]}}],"collection":[{"href":"https:\/\/quirobalance.org\/fr\/wp-json\/wp\/v2\/pages"}],"about":[{"href":"https:\/\/quirobalance.org\/fr\/wp-json\/wp\/v2\/types\/page"}],"author":[{"embeddable":true,"href":"https:\/\/quirobalance.org\/fr\/wp-json\/wp\/v2\/users\/1"}],"replies":[{"embeddable":true,"href":"https:\/\/quirobalance.org\/fr\/wp-json\/wp\/v2\/comments?post=387"}],"version-history":[{"count":4,"href":"https:\/\/quirobalance.org\/fr\/wp-json\/wp\/v2\/pages\/387\/revisions"}],"predecessor-version":[{"id":2638,"href":"https:\/\/quirobalance.org\/fr\/wp-json\/wp\/v2\/pages\/387\/revisions\/2638"}],"wp:attachment":[{"href":"https:\/\/quirobalance.org\/fr\/wp-json\/wp\/v2\/media?parent=387"}],"curies":[{"name":"wp","href":"https:\/\/api.w.org\/{rel}","templated":true}]}}